{"id":162,"date":"2015-02-19T21:51:56","date_gmt":"2015-02-19T21:51:56","guid":{"rendered":"https:\/\/www.danpaati.com\/?page_id=162"},"modified":"2022-05-16T15:05:50","modified_gmt":"2022-05-16T15:05:50","slug":"vrienden-van-danpaati","status":"publish","type":"page","link":"https:\/\/www.danpaati.com\/?page_id=162","title":{"rendered":"Vrienden van Danpaati"},"content":{"rendered":"<strong>Wordt Vriend van Danpaati!<\/strong><\/p>\n<p>Als Vriend van Danpaati ondersteunt u de projecten die vanuit Danpaati River Lodge worden uitgevoerd dankzij sponsoren, gasten en vrienden. Zo is er een zorgproject voor ouderen en zieken in twaalf dorpen in de omgeving, zijn er al drie cr\u00e8ches gestart zodat meisjes die anders op hun kleine broertjes en zusjes moeten passen naar school kunnen en is er onlangs een mediatheek geopend voor de kinderen van het dorp Dan, genaamd \u2018Wi Ta Paati Koni\u2019 (\u2018wij delen onze kennis\u2019, Saramakaanse zegswijze). Hier kunnen de kinderen boeken lezen, spellen spelen en participeren in workshops om zo hun ontwikkeling te stimuleren. Dit hebben we kunnen bereiken dankzij onze sponsoren, gasten en een aantal vrienden.<br \/>\nLandbouwproducten worden door Danpaati River Lodge van de lokale producenten afgenomen en ook een aantal diensten zoals bouw, transport, culturele shows etc. Waardoor de Lodge de spil is van de economische dynamiek van de omliggende dorpen.<br \/>\nOm het zorgproject voort te kunnen zetten &#8211; maar ook voor Wi Ta Paati Koni &#8211; is dringend aanvullende financiering nodig.<\/p>\n<p>Daarvoor vragen we de hulp van meer vrienden. Vrienden van Danpaati, die zich betrokken voelen bij deze plek en de mensen die er wonen. Die hen meer kansen willen bieden dan ze nu hebben. Die houden van de prachtige natuur en deze zoveel mogelijk willen ontzien en behouden.<br \/>\nU kunt ook zo\u2019n vriend worden en daarmee mee helpen het zorgproject, Wi Ta Paati Koni en andere zaken in stand te houden.<\/p>\n<p><img loading=\"lazy\" decoding=\"async\" class=\" wp-image-764 alignleft\" src=\"https:\/\/www.danpaati.com\/wp-content\/uploads\/2015\/02\/IMG_2398.jpg\" alt=\"IMG_2398\" width=\"436\" height=\"327\" srcset=\"https:\/\/www.danpaati.com\/wp-content\/uploads\/2015\/02\/IMG_2398.jpg 1024w, https:\/\/www.danpaati.com\/wp-content\/uploads\/2015\/02\/IMG_2398-300x225.jpg 300w\" sizes=\"auto, (max-width: 436px) 100vw, 436px\" \/><strong>Hoe word ik Vriend van Danpaati?<\/strong><\/p>\n<p>Door een vaste jaarlijkse bijdrage steunt u de projecten die worden uitgevoerd in de omgeving van Danpaati River Lodge. Wij houden u op de hoogte van wat er met uw donatie gebeurt door een driemaandelijkse digitale nieuwsbrief. Per jaar worden er \u00e9\u00e9n of meerdere projecten uitgekozen in overleg met de lokale bevolking (leiding van de dorpen) en het Comit\u00e9 van Aanbeveling. Verder krijgt U korting op of zelfs een gratis overnachting op Danpaati, al naar gelang de hoogte van Uw bijdrage. We hebben daarbij verschillende mogelijkheden.<\/p>\n<p>Voor meer informatie en aanmelding als Vriend van Danpaati kunt u contact opnemen met reservations@danpaati.com.","protected":false},"excerpt":{"rendered":"<p>Wordt Vriend van Danpaati! Als Vriend van Danpaati ondersteunt u de projecten die vanuit Danpaati River Lodge worden uitgevoerd dankzij sponsoren, gasten en vrienden. Zo is er een zorgproject voor ouderen en zieken in twaalf dorpen in de omgeving, zijn er al drie cr\u00e8ches gestart zodat meisjes die anders op <a class=\"read-more\" href=\"https:\/\/www.danpaati.com\/?page_id=162\">[&#8230;]<\/a><\/p>\n","protected":false},"author":7,"featured_media":733,"parent":0,"menu_order":0,"comment_status":"open","ping_status":"open","template":"","meta":{"footnotes":""},"class_list":["post-162","page","type-page","status-publish","has-post-thumbnail","hentry"],"_links":{"self":[{"href":"https:\/\/www.danpaati.com\/index.php?rest_route=\/wp\/v2\/pages\/162","targetHints":{"allow":["GET"]}}],"collection":[{"href":"https:\/\/www.danpaati.com\/index.php?rest_route=\/wp\/v2\/pages"}],"about":[{"href":"https:\/\/www.danpaati.com\/index.php?rest_route=\/wp\/v2\/types\/page"}],"author":[{"embeddable":true,"href":"https:\/\/www.danpaati.com\/index.php?rest_route=\/wp\/v2\/users\/7"}],"replies":[{"embeddable":true,"href":"https:\/\/www.danpaati.com\/index.php?rest_route=%2Fwp%2Fv2%2Fcomments&post=162"}],"version-history":[{"count":36,"href":"https:\/\/www.danpaati.com\/index.php?rest_route=\/wp\/v2\/pages\/162\/revisions"}],"predecessor-version":[{"id":2475,"href":"https:\/\/www.danpaati.com\/index.php?rest_route=\/wp\/v2\/pages\/162\/revisions\/2475"}],"wp:featuredmedia":[{"embeddable":true,"href":"https:\/\/www.danpaati.com\/index.php?rest_route=\/wp\/v2\/media\/733"}],"wp:attachment":[{"href":"https:\/\/www.danpaati.com\/index.php?rest_route=%2Fwp%2Fv2%2Fmedia&parent=162"}],"curies":[{"name":"wp","href":"https:\/\/api.w.org\/{rel}","templated":true}]}}